{"id":2452,"date":"2020-09-14T01:06:43","date_gmt":"2020-09-13T23:06:43","guid":{"rendered":"https:\/\/mesvacancesibiza.com\/avisos-legales-c-g-u\/"},"modified":"2021-05-26T17:27:37","modified_gmt":"2021-05-26T15:27:37","slug":"avisos-legales","status":"publish","type":"page","link":"https:\/\/mesvacancesibiza.com\/es\/avisos-legales\/","title":{"rendered":"Avisos legales &#038; t\u00e9rminos de servicio"},"content":{"rendered":"<h2>Avisos legales<\/h2>\n<h3>Sociedad<\/h3>\n<p>Mes Vacances Ibiza<\/p>\n<p>El sitio web <a href=\"https:\/\/mesvacancesibiza.com\/es\/\">www.mesvacancesibiza.com<\/a> (el Sitio) es la propiedad exclusiva de Mes Vacances Ibiza.<\/p>\n<h3>Anfitri\u00f3n<\/h3>\n<p>OVH<br \/>\n<a href=\"https:\/\/www.ovh.com\/fr\/\" target=\"_blank\" rel=\"noreferrer noopener\">www.ovh.com<\/a><br \/>\nDirecci\u00f3n de la empresa : 2 Rue Kellermann 59100 Roubaix<br \/>\nCapital social : 10\u00a0174\u00a0560 \u20ac<br \/>\nSiret\u00a0: 42476141900045<\/p>\n<h2>T\u00e9rminos de servicio<\/h2>\n<h3>Propiedad intelectual<\/h3>\n<p>En general, los datos, textos, informaci\u00f3n, logotipos, identidades visuales, im\u00e1genes, animadas o no y su formato, videos, que aparecen en el Sitio son propiedad de Mes Vacances Ibiza y est\u00e1n protegidos como tales por las disposiciones del C\u00f3digo de propiedad intelectual.<\/p>\n<p>Todos los usuarios se comprometen a utilizarlos \u00fanicamente dentro del estricto marco que ofrece el Sitio.<\/p>\n<h3>Pol\u00edtica de confidencialidad<\/h3>\n<p>Es posible que se solicite al usuario que proporcione ciertos datos personales al completar los formularios que se le ofrecen en el Sitio. La introducci\u00f3n de estos datos es necesaria para la tramitaci\u00f3n de la solicitud del usuario por Mes Vacances Ibiza.<\/p>\n<p>Mes Vacances Ibiza se compromete a respetar las disposiciones de la ley n\u00b078-17 de 6 de enero de 1978 relativa al tratamiento de datos, ficheros y libertades modificadas y al Reglamento (UE) 2016\/679 del Parlamento europeo y del Consejo de 27 de abril 2016 dice \u00ab\u00a0<em>RGPD\u00a0<\/em>\u00bb y toma todas las precauciones necesarias para preservar la seguridad de la informaci\u00f3n personal confiada.<\/p>\n<h4>Responsable de procesamiento<\/h4>\n<p>Mes Vacances Ibiza procesa los datos personales de los usuarios como responsable de procesamiento.<\/p>\n<h4>Datos personales tratados y finalidades del tratamiento<\/h4>\n<p>Mes Vacances Ibiza recopila en el Sitio datos personales de los usuarios que lo han contactado, en particular a trav\u00e9s del formulario de contacto en l\u00ednea y los formularios de solicitud de cotizaci\u00f3n. Estos datos son necesarios para dar respuesta a la solicitud de los usuarios. Como parte de la prestaci\u00f3n de sus servicios, Mes Vacances Ibiza solo trata los siguientes datos personales estrictamente necesarios para su solicitud de contacto : nombre, apellido, tel\u00e9fono y correo electr\u00f3nico.<\/p>\n<p>El prop\u00f3sito del procesamiento de estos datos personales es permitir que Mes Vacances Ibiza responda a las solicitudes de los usuarios.<\/p>\n<h4>Destinatarios de datos personales<\/h4>\n<p>Los datos personales recopilados en el Sitio son procesados \u200b\u200bsolo por el equipo de Mes Vacances Ibiza.<\/p>\n<h4>Periodo de conservaci\u00f3n de los datos personales<\/h4>\n<p>Mes Vacances Ibiza se compromete a conservar estos datos personales, salvo disposici\u00f3n legal o reglamentaria en contrario, durante un plazo m\u00e1ximo de tres a\u00f1os desde el \u00faltimo contacto con el usuario, ya sea por iniciativa de Mes Vacances Ibiza o del usuario.<\/p>\n<p>Transcurrido este plazo o en caso de ejercicio de sus derechos por parte de los usuarios, Mes Vacances Ibiza se compromete a destruir cualquier copia de los datos personales de los usuarios que posea.<\/p>\n<h4>Seguridad de los datos personales<\/h4>\n<p>Mes Vacances Ibiza se compromete, bajo su obligaci\u00f3n de medios, a tomar todas las precauciones necesarias e implementa las medidas t\u00e9cnicas y organizativas adecuadas en este \u00e1mbito para garantizar un nivel adecuado de seguridad y proteger los datos personales de los usuarios frente alteraciones, destrucci\u00f3n y acceso no autorizado.<\/p>\n<h4>Derechos de los usuarios sobre sus datos personales<\/h4>\n<p>Los usuarios tienen la posibilidad de ejercitar sus derechos de acceso, rectificaci\u00f3n, supresi\u00f3n, oposici\u00f3n, limitaci\u00f3n del tratamiento, portabilidad de sus datos personales, derecho a no ser objeto de una decisi\u00f3n individual automatizado y el derecho a revocar su consentimiento, en relaci\u00f3n con los datos personales que faciliten.<\/p>\n<p>Para ejercer cualquiera de estos derechos, debe enviar su solicitud por correo electr\u00f3nico a la siguiente direcci\u00f3n : <a href=\"mailto:amotion.contact@gmail.com\"><em>amotion.contact@gmail.com<\/em><\/a><\/p>\n<p>Mes Vacances Ibiza se compromete a darles respuesta a la mayor brevedad y como muy tarde en el plazo de un mes desde la recepci\u00f3n de la solicitud.<\/p>\n<p>Si los usuarios consideran que el tratamiento de sus datos personales constituye una infracci\u00f3n a la legislaci\u00f3n vigente, los usuarios tienen la opci\u00f3n de presentar una denuncia ante la CNIL.<\/p>\n<h4>Confidencialidad de los datos personales<\/h4>\n<p>Mes Vacances Ibiza garantiza la confidencialidad de los datos personales tratados y asegura que las personas autorizadas para tratar dichos datos personales tambi\u00e9n se comprometen a cumplir con esta obligaci\u00f3n de confidencialidad.<\/p>\n<h3>Cookies<\/h3>\n<p>Navegar por el Sitio puede resultar en la instalaci\u00f3n de cookies en la computadora del usuario.<\/p>\n<p>Los datos obtenidos a trav\u00e9s de estas cookies est\u00e1n destinados a facilitar la navegaci\u00f3n posterior en el Sitio y est\u00e1n destinados a permitir diversas mediciones estad\u00edsticas sobre este \u00faltimo.<\/p>\n<p>El usuario del Sitio tiene la opci\u00f3n de desactivar las cookies accediendo a las opciones de su navegador :<\/p>\n<ul>\n<li><a href=\"https:\/\/support.google.com\/chrome\/answer\/95647?hl=fr\" target=\"_blank\" rel=\"noreferrer noopener\">Google Chrome<\/a><\/li>\n<li><a href=\"https:\/\/support.mozilla.org\/fr\/kb\/activer-desactiver-cookies-preferences?redirectlocale=fr&amp;redirectslug=activer-desactiver-cookies\" target=\"_blank\" rel=\"noreferrer noopener\">Modzilla Firefox<\/a><\/li>\n<li><a href=\"https:\/\/support.apple.com\/kb\/PH17191?viewlocale=fr_FR&amp;locale=en_US\" target=\"_blank\" rel=\"noreferrer noopener\">Safari<\/a><\/li>\n<li><a href=\"https:\/\/help.opera.com\/en\/latest\/security-and-privacy\/\" target=\"_blank\" rel=\"noreferrer noopener\">Opera<\/a><\/li>\n<li><a href=\"https:\/\/support.microsoft.com\/fr-fr\/help\/17442\/windows-internet-explorer-delete-manage-cookies#ie=ie-11\" target=\"_blank\" rel=\"noreferrer noopener\">Internet Explorer<\/a><\/li>\n<li><a href=\"https:\/\/privacy.microsoft.com\/fr-fr\/windows-10-microsoft-edge-and-privacy\" target=\"_blank\" rel=\"noreferrer noopener\">Edge<\/a><\/li>\n<\/ul>\n<h3>Google Analytics<\/h3>\n<p>Mes Vacances Ibiza utiliza Google Analytics para rastrear a los usuarios en este Sitio.<\/p>\n<p>Google Analytics utiliza cookies para recopilar estos datos.<\/p>\n<p>Para dar cumplimiento a la nueva normativa, Google ha incluido una modificaci\u00f3n en el tratamiento de datos que los usuarios pueden consultar en la siguiente p\u00e1gina :<\/p>\n<ul>\n<li><a href=\"https:\/\/www.google.com\/analytics\/terms\/dpa\/dataprocessingamendment_20130906.html\" target=\"_blank\" rel=\"noreferrer noopener\">Google Analytics<\/a><\/li>\n<\/ul>\n<p>Mes Vacances Ibiza se compromete a procesar los datos recopilados de forma an\u00f3nima y a desactivar el <em>\u00ab intercambio de datos\u00a0\u00bb<\/em>.<\/p>\n<h3>Responsabilidad<\/h3>\n<p>La presencia de enlaces de hipertexto en el Sitio no crea una solidaridad de responsabilidad entre Mes Vacances Ibiza y los propietarios de otros sitios, en cuanto al contenido de los sitios a los que se redirige al usuario. Solo se puede comprometer la responsabilidad de dichos sitios.<\/p>\n","protected":false},"excerpt":{"rendered":"<p>Avisos legales Sociedad Mes Vacances Ibiza El sitio web www.mesvacancesibiza.com (el Sitio) es la propiedad exclusiva de Mes Vacances Ibiza. Anfitri\u00f3n OVH www.ovh.com Direcci\u00f3n de la empresa : 2 Rue Kellermann 59100 Roubaix Capital social : 10\u00a0174\u00a0560 \u20ac Siret\u00a0: 42476141900045 T\u00e9rminos de servicio Propiedad intelectual En general, los datos, textos, informaci\u00f3n, logotipos, identidades visuales, im\u00e1genes,<\/p>\n<a href=\"https:\/\/mesvacancesibiza.com\/es\/avisos-legales\/\" class=\"sohohotel-more-link\">Read More<i class=\"fa fa-angle-right\"><\/i><\/a>","protected":false},"author":2,"featured_media":0,"parent":0,"menu_order":0,"comment_status":"closed","ping_status":"open","template":"","meta":{"_monsterinsights_skip_tracking":false,"_monsterinsights_sitenote_active":false,"_monsterinsights_sitenote_note":"","_monsterinsights_sitenote_category":0,"_joinchat":[]},"yoast_head":"<!-- This site is optimized with the Yoast SEO plugin v19.7.1 - https:\/\/yoast.com\/wordpress\/plugins\/seo\/ -->\n<title>Avisos legales &amp; t\u00e9rminos de servicio - Mes Vacances Ibiza<\/title>\n<meta name=\"robots\" content=\"index, follow, max-snippet:-1, max-image-preview:large, max-video-preview:-1\" \/>\n<link rel=\"canonical\" href=\"https:\/\/mesvacancesibiza.com\/es\/avisos-legales\/\" \/>\n<meta property=\"og:locale\" content=\"es_ES\" \/>\n<meta property=\"og:type\" content=\"article\" \/>\n<meta property=\"og:title\" content=\"Avisos legales &amp; t\u00e9rminos de servicio - Mes Vacances Ibiza\" \/>\n<meta property=\"og:description\" content=\"Avisos legales Sociedad Mes Vacances Ibiza El sitio web www.mesvacancesibiza.com (el Sitio) es la propiedad exclusiva de Mes Vacances Ibiza. Anfitri\u00f3n OVH www.ovh.com Direcci\u00f3n de la empresa : 2 Rue Kellermann 59100 Roubaix Capital social : 10\u00a0174\u00a0560 \u20ac Siret\u00a0: 42476141900045 T\u00e9rminos de servicio Propiedad intelectual En general, los datos, textos, informaci\u00f3n, logotipos, identidades visuales, im\u00e1genes,\" \/>\n<meta property=\"og:url\" content=\"https:\/\/mesvacancesibiza.com\/es\/avisos-legales\/\" \/>\n<meta property=\"og:site_name\" content=\"Mes Vacances Ibiza\" \/>\n<meta property=\"article:publisher\" content=\"https:\/\/www.facebook.com\/Paradise-Ibiza-Conciergerie-690358121416314\/\" \/>\n<meta property=\"article:modified_time\" content=\"2021-05-26T15:27:37+00:00\" \/>\n<meta name=\"twitter:card\" content=\"summary_large_image\" \/>\n<meta name=\"twitter:label1\" content=\"Tiempo de lectura\" \/>\n\t<meta name=\"twitter:data1\" content=\"4 minutos\" \/>\n<script type=\"application\/ld+json\" class=\"yoast-schema-graph\">{\"@context\":\"https:\/\/schema.org\",\"@graph\":[{\"@type\":\"WebPage\",\"@id\":\"https:\/\/mesvacancesibiza.com\/es\/avisos-legales\/\",\"url\":\"https:\/\/mesvacancesibiza.com\/es\/avisos-legales\/\",\"name\":\"Avisos legales & t\u00e9rminos de servicio - Mes Vacances Ibiza\",\"isPartOf\":{\"@id\":\"https:\/\/mesvacancesibiza.com\/#website\"},\"datePublished\":\"2020-09-13T23:06:43+00:00\",\"dateModified\":\"2021-05-26T15:27:37+00:00\",\"breadcrumb\":{\"@id\":\"https:\/\/mesvacancesibiza.com\/es\/avisos-legales\/#breadcrumb\"},\"inLanguage\":\"es\",\"potentialAction\":[{\"@type\":\"ReadAction\",\"target\":[\"https:\/\/mesvacancesibiza.com\/es\/avisos-legales\/\"]}]},{\"@type\":\"BreadcrumbList\",\"@id\":\"https:\/\/mesvacancesibiza.com\/es\/avisos-legales\/#breadcrumb\",\"itemListElement\":[{\"@type\":\"ListItem\",\"position\":1,\"name\":\"Accueil\",\"item\":\"https:\/\/mesvacancesibiza.com\/es\/\"},{\"@type\":\"ListItem\",\"position\":2,\"name\":\"Avisos legales &#038; t\u00e9rminos de servicio\"}]},{\"@type\":\"WebSite\",\"@id\":\"https:\/\/mesvacancesibiza.com\/#website\",\"url\":\"https:\/\/mesvacancesibiza.com\/\",\"name\":\"Mes Vacances Ibiza\",\"description\":\"Conciergerie fran\u00e7aise et location de villas\",\"publisher\":{\"@id\":\"https:\/\/mesvacancesibiza.com\/#organization\"},\"potentialAction\":[{\"@type\":\"SearchAction\",\"target\":{\"@type\":\"EntryPoint\",\"urlTemplate\":\"https:\/\/mesvacancesibiza.com\/?s={search_term_string}\"},\"query-input\":\"required name=search_term_string\"}],\"inLanguage\":\"es\"},{\"@type\":\"Organization\",\"@id\":\"https:\/\/mesvacancesibiza.com\/#organization\",\"name\":\"Mes Vacances Ibiza\",\"url\":\"https:\/\/mesvacancesibiza.com\/\",\"sameAs\":[\"https:\/\/www.instagram.com\/mesvacancesibiza\/\",\"https:\/\/www.facebook.com\/Paradise-Ibiza-Conciergerie-690358121416314\/\"],\"logo\":{\"@type\":\"ImageObject\",\"inLanguage\":\"es\",\"@id\":\"https:\/\/mesvacancesibiza.com\/#\/schema\/logo\/image\/\",\"url\":\"https:\/\/mesvacancesibiza.com\/wp-content\/uploads\/2019\/09\/mesvacancesibiza-logo-1.png\",\"contentUrl\":\"https:\/\/mesvacancesibiza.com\/wp-content\/uploads\/2019\/09\/mesvacancesibiza-logo-1.png\",\"width\":300,\"height\":169,\"caption\":\"Mes Vacances Ibiza\"},\"image\":{\"@id\":\"https:\/\/mesvacancesibiza.com\/#\/schema\/logo\/image\/\"}}]}<\/script>\n<!-- \/ Yoast SEO plugin. -->","yoast_head_json":{"title":"Avisos legales & t\u00e9rminos de servicio - Mes Vacances Ibiza","robots":{"index":"index","follow":"follow","max-snippet":"max-snippet:-1","max-image-preview":"max-image-preview:large","max-video-preview":"max-video-preview:-1"},"canonical":"https:\/\/mesvacancesibiza.com\/es\/avisos-legales\/","og_locale":"es_ES","og_type":"article","og_title":"Avisos legales & t\u00e9rminos de servicio - Mes Vacances Ibiza","og_description":"Avisos legales Sociedad Mes Vacances Ibiza El sitio web www.mesvacancesibiza.com (el Sitio) es la propiedad exclusiva de Mes Vacances Ibiza. Anfitri\u00f3n OVH www.ovh.com Direcci\u00f3n de la empresa : 2 Rue Kellermann 59100 Roubaix Capital social : 10\u00a0174\u00a0560 \u20ac Siret\u00a0: 42476141900045 T\u00e9rminos de servicio Propiedad intelectual En general, los datos, textos, informaci\u00f3n, logotipos, identidades visuales, im\u00e1genes,","og_url":"https:\/\/mesvacancesibiza.com\/es\/avisos-legales\/","og_site_name":"Mes Vacances Ibiza","article_publisher":"https:\/\/www.facebook.com\/Paradise-Ibiza-Conciergerie-690358121416314\/","article_modified_time":"2021-05-26T15:27:37+00:00","twitter_card":"summary_large_image","twitter_misc":{"Tiempo de lectura":"4 minutos"},"schema":{"@context":"https:\/\/schema.org","@graph":[{"@type":"WebPage","@id":"https:\/\/mesvacancesibiza.com\/es\/avisos-legales\/","url":"https:\/\/mesvacancesibiza.com\/es\/avisos-legales\/","name":"Avisos legales & t\u00e9rminos de servicio - Mes Vacances Ibiza","isPartOf":{"@id":"https:\/\/mesvacancesibiza.com\/#website"},"datePublished":"2020-09-13T23:06:43+00:00","dateModified":"2021-05-26T15:27:37+00:00","breadcrumb":{"@id":"https:\/\/mesvacancesibiza.com\/es\/avisos-legales\/#breadcrumb"},"inLanguage":"es","potentialAction":[{"@type":"ReadAction","target":["https:\/\/mesvacancesibiza.com\/es\/avisos-legales\/"]}]},{"@type":"BreadcrumbList","@id":"https:\/\/mesvacancesibiza.com\/es\/avisos-legales\/#breadcrumb","itemListElement":[{"@type":"ListItem","position":1,"name":"Accueil","item":"https:\/\/mesvacancesibiza.com\/es\/"},{"@type":"ListItem","position":2,"name":"Avisos legales &#038; t\u00e9rminos de servicio"}]},{"@type":"WebSite","@id":"https:\/\/mesvacancesibiza.com\/#website","url":"https:\/\/mesvacancesibiza.com\/","name":"Mes Vacances Ibiza","description":"Conciergerie fran\u00e7aise et location de villas","publisher":{"@id":"https:\/\/mesvacancesibiza.com\/#organization"},"potentialAction":[{"@type":"SearchAction","target":{"@type":"EntryPoint","urlTemplate":"https:\/\/mesvacancesibiza.com\/?s={search_term_string}"},"query-input":"required name=search_term_string"}],"inLanguage":"es"},{"@type":"Organization","@id":"https:\/\/mesvacancesibiza.com\/#organization","name":"Mes Vacances Ibiza","url":"https:\/\/mesvacancesibiza.com\/","sameAs":["https:\/\/www.instagram.com\/mesvacancesibiza\/","https:\/\/www.facebook.com\/Paradise-Ibiza-Conciergerie-690358121416314\/"],"logo":{"@type":"ImageObject","inLanguage":"es","@id":"https:\/\/mesvacancesibiza.com\/#\/schema\/logo\/image\/","url":"https:\/\/mesvacancesibiza.com\/wp-content\/uploads\/2019\/09\/mesvacancesibiza-logo-1.png","contentUrl":"https:\/\/mesvacancesibiza.com\/wp-content\/uploads\/2019\/09\/mesvacancesibiza-logo-1.png","width":300,"height":169,"caption":"Mes Vacances Ibiza"},"image":{"@id":"https:\/\/mesvacancesibiza.com\/#\/schema\/logo\/image\/"}}]}},"_links":{"self":[{"href":"https:\/\/mesvacancesibiza.com\/es\/wp-json\/wp\/v2\/pages\/2452"}],"collection":[{"href":"https:\/\/mesvacancesibiza.com\/es\/wp-json\/wp\/v2\/pages"}],"about":[{"href":"https:\/\/mesvacancesibiza.com\/es\/wp-json\/wp\/v2\/types\/page"}],"author":[{"embeddable":true,"href":"https:\/\/mesvacancesibiza.com\/es\/wp-json\/wp\/v2\/users\/2"}],"replies":[{"embeddable":true,"href":"https:\/\/mesvacancesibiza.com\/es\/wp-json\/wp\/v2\/comments?post=2452"}],"version-history":[{"count":4,"href":"https:\/\/mesvacancesibiza.com\/es\/wp-json\/wp\/v2\/pages\/2452\/revisions"}],"predecessor-version":[{"id":2594,"href":"https:\/\/mesvacancesibiza.com\/es\/wp-json\/wp\/v2\/pages\/2452\/revisions\/2594"}],"wp:attachment":[{"href":"https:\/\/mesvacancesibiza.com\/es\/wp-json\/wp\/v2\/media?parent=2452"}],"curies":[{"name":"wp","href":"https:\/\/api.w.org\/{rel}","templated":true}]}}