{"id":2433,"date":"2020-09-13T19:23:35","date_gmt":"2020-09-13T17:23:35","guid":{"rendered":"https:\/\/mesvacancesibiza.com\/organizacion-de-eventos\/"},"modified":"2020-09-14T16:12:15","modified_gmt":"2020-09-14T14:12:15","slug":"organizacion-de-eventos","status":"publish","type":"page","link":"https:\/\/mesvacancesibiza.com\/es\/organizacion-de-eventos\/","title":{"rendered":"Organizaci\u00f3n de eventos"},"content":{"rendered":"<p>[vc_row][vc_column]<section class=\"sohohotel-icon-text-wrapper-2 sohohotel-clearfix\"><div class=\"sohohotel-icon-text-block sohohotel-clearfix\">\n\t\t<div class=\"sohohotel-icon\"><i class=\"fa fa-glass\"><\/i><\/div>\n\t\t<div class=\"sohohotel-text\">\n\t\t\t<h4>Despedida de soltera<\/h4>\n\t\t\t<p>\u00bf Quieres organizar una despedida de soltera ?<\/p>\n\t\t<\/div>\n\t\t<\/div><div class=\"sohohotel-icon-text-block sohohotel-clearfix\">\n\t\t<div class=\"sohohotel-icon\"><i class=\"fa fa-gift\"><\/i><\/div>\n\t\t<div class=\"sohohotel-text\">\n\t\t\t<h4>Cumplea\u00f1os<\/h4>\n\t\t\t<p>\u00bf Quieres celebrar el cumplea\u00f1os de alguien cercano \/ un ser querido en Ibiza ?<\/p>\n\t\t<\/div>\n\t\t<\/div><div class=\"sohohotel-icon-text-block sohohotel-clearfix\">\n\t\t<div class=\"sohohotel-icon\"><i class=\"fa fa-handshake-o\"><\/i><\/div>\n\t\t<div class=\"sohohotel-text\">\n\t\t\t<h4>Evento profesional<\/h4>\n\t\t\t<p>\u00bf Quieres organizar un seminario, una velada de empresa ?<\/p>\n\t\t<\/div>\n\t\t<\/div><\/section>[\/vc_column][\/vc_row][vc_row el_class=\u00bbmvihalf\u00bb el_id=\u00bbevent-page-mvi\u00bb][vc_column][vc_column_text]<\/p>\n<h4>Organizaci\u00f3n de la A a la Z<\/h4>\n<ul>\n<li>Alquiler de la villa \/ lugar del evento<\/li>\n<li>Servicio de catering<\/li>\n<li>Servidores \/ camareros<\/li>\n<li>DJ \/ luces<\/li>\n<li>Decoraci\u00f3n de los lugares<\/li>\n<\/ul>\n<div class=\"button\"><a href=\"#devis-evenements\">Consigue una cotizaci\u00f3n<\/a><\/div>\n<p>[\/vc_column_text][\/vc_column][\/vc_row][vc_row el_class=\u00bbmvihalf mvihalfr\u00bb el_id=\u00bbevent-img-mvi\u00bb][vc_column][vc_gallery interval=\u00bb5&#8243; images=\u00bb865,869,863,867,866&#8243; img_size=\u00bbfull\u00bb onclick=\u00bb\u00bb][\/vc_column][\/vc_row][vc_row el_id=\u00bbdevis-evenements\u00bb][vc_column][vc_column_text]Para obtener una cotizaci\u00f3n, complete la siguiente informaci\u00f3n. Responderemos lo antes posible.[\/vc_column_text]<div role=\"form\" class=\"wpcf7\" id=\"wpcf7-f2465-o1\" lang=\"es-ES\" dir=\"ltr\">\n<div class=\"screen-reader-response\"><p role=\"status\" aria-live=\"polite\" aria-atomic=\"true\"><\/p> <ul><\/ul><\/div>\n<form action=\"\/es\/wp-json\/wp\/v2\/pages\/2433#wpcf7-f2465-o1\" method=\"post\" class=\"wpcf7-form init\" novalidate=\"novalidate\" data-status=\"init\">\n<div style=\"display: none;\">\n<input type=\"hidden\" name=\"_wpcf7\" value=\"2465\" \/>\n<input type=\"hidden\" name=\"_wpcf7_version\" value=\"5.6.3\" \/>\n<input type=\"hidden\" name=\"_wpcf7_locale\" value=\"es_ES\" \/>\n<input type=\"hidden\" name=\"_wpcf7_unit_tag\" value=\"wpcf7-f2465-o1\" \/>\n<input type=\"hidden\" name=\"_wpcf7_container_post\" value=\"0\" \/>\n<input type=\"hidden\" name=\"_wpcf7_posted_data_hash\" value=\"\" \/>\n<\/div>\n<p><label> Tipo de evento <abbr class=\"required\" title=\"requis\">*<\/abbr><br \/>\n<span class=\"wpcf7-form-control-wrap\" data-name=\"event-type\"><select name=\"event-type\" class=\"wpcf7-form-control wpcf7-select wpcf7-validates-as-required\" aria-required=\"true\" aria-invalid=\"false\"><option value=\"\">---<\/option><option value=\"Despedida de soltera\">Despedida de soltera<\/option><option value=\"Cumplea\u00f1os\">Cumplea\u00f1os<\/option><option value=\"Evento profesional\">Evento profesional<\/option><\/select><\/span> <\/label><\/p>\n<p><label> Apellido <abbr class=\"required\" title=\"requis\">*<\/abbr><br \/>\n    <span class=\"wpcf7-form-control-wrap\" data-name=\"your-name\"><input type=\"text\" name=\"your-name\" value=\"\" size=\"40\" class=\"wpcf7-form-control wpcf7-text wpcf7-validates-as-required\" aria-required=\"true\" aria-invalid=\"false\" placeholder=\"Introduce tu apellido aqu\u00ed...\" \/><\/span> <\/label><\/p>\n<p><label> Nombre <abbr class=\"required\" title=\"requis\">*<\/abbr><br \/>\n    <span class=\"wpcf7-form-control-wrap\" data-name=\"your-surname\"><input type=\"text\" name=\"your-surname\" value=\"\" size=\"40\" class=\"wpcf7-form-control wpcf7-text wpcf7-validates-as-required\" aria-required=\"true\" aria-invalid=\"false\" placeholder=\"Introduce tu nombre aqu\u00ed...\" \/><\/span> <\/label><\/p>\n<p><label> Fecha del evento <abbr class=\"required\" title=\"requis\">*<\/abbr><br \/>\n<span class=\"wpcf7-form-control-wrap\" data-name=\"date-event\"><input type=\"text\" name=\"date-event\" value=\"\" size=\"40\" class=\"wpcf7-form-control wpcf7-text wpcf7-validates-as-required\" aria-required=\"true\" aria-invalid=\"false\" placeholder=\"Ingrese la fecha del evento aqu\u00ed...\" \/><\/span> <\/label><\/p>\n<p><label> N\u00famero de personas <abbr class=\"required\" title=\"requis\">*<\/abbr><br \/>\n<span class=\"wpcf7-form-control-wrap\" data-name=\"number-people\"><input type=\"number\" name=\"number-people\" value=\"\" class=\"wpcf7-form-control wpcf7-number wpcf7-validates-as-required wpcf7-validates-as-number\" min=\"1\" aria-required=\"true\" aria-invalid=\"false\" placeholder=\"Seleccione el n\u00famero de personas aqu\u00ed...\" \/><\/span> <\/label><\/p>\n<p><label> Requerimientos adicionales<br \/>\n    <span class=\"wpcf7-form-control-wrap\" data-name=\"your-message-more\"><textarea name=\"your-message-more\" cols=\"40\" rows=\"10\" class=\"wpcf7-form-control wpcf7-textarea\" aria-invalid=\"false\" placeholder=\"Describe tus solicitudes adicionales aqu\u00ed...\"><\/textarea><\/span> <\/label><\/p>\n<p><label> Correo electr\u00f3nico <abbr class=\"required\" title=\"requis\">*<\/abbr><br \/>\n    <span class=\"wpcf7-form-control-wrap\" data-name=\"your-email\"><input type=\"email\" name=\"your-email\" value=\"\" size=\"40\" class=\"wpcf7-form-control wpcf7-text wpcf7-email wpcf7-validates-as-required wpcf7-validates-as-email\" aria-required=\"true\" aria-invalid=\"false\" placeholder=\"Ingrese tu correo electr\u00f3nico aqu\u00ed...\" \/><\/span> <\/label><\/p>\n<p><label> Prefijo telef\u00f3nico <abbr class=\"required\" title=\"requis\">*<\/abbr><br \/>\n<span class=\"wpcf7-form-control-wrap\" data-name=\"your-tel-prefixe\"><input type=\"text\" name=\"your-tel-prefixe\" value=\"\" size=\"40\" class=\"wpcf7-form-control wpcf7-text wpcf7-validates-as-required\" aria-required=\"true\" aria-invalid=\"false\" placeholder=\"Ej : +33\" \/><\/span> <\/label><\/p>\n<p><label> Tel\u00e9fono <abbr class=\"required\" title=\"requis\">*<\/abbr><br \/>\n<span class=\"wpcf7-form-control-wrap\" data-name=\"your-phone\"><input type=\"tel\" name=\"your-phone\" value=\"\" size=\"40\" class=\"wpcf7-form-control wpcf7-text wpcf7-tel wpcf7-validates-as-required wpcf7-validates-as-tel\" aria-required=\"true\" aria-invalid=\"false\" placeholder=\"Ingrese tu n\u00famero de tel\u00e9fono aqu\u00ed...\" \/><\/span> <\/label><\/p>\n<p><label> Para demostrar que eres un humano, da el resultado de esta simple operaci\u00f3n <abbr class=\"required\" title=\"requis\">*<\/abbr><span class=\"wpcf7-form-control-wrap\" data-name=\"quiz-915\"><label><span class=\"wpcf7-quiz-label\">0 + 9 = ?<\/span> <input type=\"text\" name=\"quiz-915\" size=\"40\" class=\"wpcf7-form-control wpcf7-quiz\" autocomplete=\"off\" aria-required=\"true\" aria-invalid=\"false\" \/><\/label><input type=\"hidden\" name=\"_wpcf7_quiz_answer_quiz-915\" value=\"a98d32634ad55ae7bc6cc25c75f7c197\" \/><\/span> <\/label><\/p>\n<p><span class=\"wpcf7-form-control-wrap\" data-name=\"rgpd\"><span class=\"wpcf7-form-control wpcf7-acceptance\"><span class=\"wpcf7-list-item\"><label><input type=\"checkbox\" name=\"rgpd\" value=\"1\" aria-invalid=\"false\" \/><span class=\"wpcf7-list-item-label\">Al marcar esta casilla, acepto la <a target=\"_blank\" href=\"https:\/\/mesvacancesibiza.com\/es\/avisos-legales\/\">Pol\u00edtica de privacidad<\/a> de este sitio <abbr class=\"required\" title=\"requis\">*<\/abbr><\/span><\/label><\/span><\/span><\/span><\/p>\n<p><input type=\"submit\" value=\"Enviar\" class=\"wpcf7-form-control has-spinner wpcf7-submit\" \/><\/p>\n<div class=\"wpcf7-response-output\" aria-hidden=\"true\"><\/div><\/form><\/div>[\/vc_column][\/vc_row]<\/p>\n","protected":false},"excerpt":{"rendered":"<p>[vc_row][vc_column][\/vc_column][\/vc_row][vc_row el_class=\u00bbmvihalf\u00bb el_id=\u00bbevent-page-mvi\u00bb][vc_column][vc_column_text] Organizaci\u00f3n de la A a la Z Alquiler de la villa \/ lugar del evento Servicio de catering Servidores \/ camareros DJ \/ luces Decoraci\u00f3n de los lugares Consigue una cotizaci\u00f3n [\/vc_column_text][\/vc_column][\/vc_row][vc_row el_class=\u00bbmvihalf mvihalfr\u00bb el_id=\u00bbevent-img-mvi\u00bb][vc_column][vc_gallery interval=\u00bb5&#8243; images=\u00bb865,869,863,867,866&#8243; img_size=\u00bbfull\u00bb onclick=\u00bb\u00bb][\/vc_column][\/vc_row][vc_row el_id=\u00bbdevis-evenements\u00bb][vc_column][vc_column_text]Para obtener una cotizaci\u00f3n, complete la siguiente informaci\u00f3n. Responderemos lo antes posible.[\/vc_column_text][\/vc_column][\/vc_row]<\/p>\n<a href=\"https:\/\/mesvacancesibiza.com\/es\/organizacion-de-eventos\/\" class=\"sohohotel-more-link\">Read More<i class=\"fa fa-angle-right\"><\/i><\/a>","protected":false},"author":2,"featured_media":0,"parent":0,"menu_order":0,"comment_status":"closed","ping_status":"closed","template":"","meta":{"_monsterinsights_skip_tracking":false,"_monsterinsights_sitenote_active":false,"_monsterinsights_sitenote_note":"","_monsterinsights_sitenote_category":0,"_joinchat":[]},"yoast_head":"<!-- This site is optimized with the Yoast SEO plugin v19.7.1 - https:\/\/yoast.com\/wordpress\/plugins\/seo\/ -->\n<title>Organizaci\u00f3n de eventos en Ibiza - Mes Vacances Ibiza<\/title>\n<meta name=\"description\" content=\"Conf\u00eda en nosotros para la organizaci\u00f3n de eventos en Ibiza, ya sea una despedida de soltera, un cumplea\u00f1os, un evento profesional...\" \/>\n<meta name=\"robots\" content=\"index, follow, max-snippet:-1, max-image-preview:large, max-video-preview:-1\" \/>\n<link rel=\"canonical\" href=\"https:\/\/mesvacancesibiza.com\/es\/organizacion-de-eventos\/\" \/>\n<meta property=\"og:locale\" content=\"es_ES\" \/>\n<meta property=\"og:type\" content=\"article\" \/>\n<meta property=\"og:title\" content=\"Organizaci\u00f3n de eventos en Ibiza - Mes Vacances Ibiza\" \/>\n<meta property=\"og:description\" content=\"Conf\u00eda en nosotros para la organizaci\u00f3n de eventos en Ibiza, ya sea una despedida de soltera, un cumplea\u00f1os, un evento profesional...\" \/>\n<meta property=\"og:url\" content=\"https:\/\/mesvacancesibiza.com\/es\/organizacion-de-eventos\/\" \/>\n<meta property=\"og:site_name\" content=\"Mes Vacances Ibiza\" \/>\n<meta property=\"article:publisher\" content=\"https:\/\/www.facebook.com\/Paradise-Ibiza-Conciergerie-690358121416314\/\" \/>\n<meta property=\"article:modified_time\" content=\"2020-09-14T14:12:15+00:00\" \/>\n<meta name=\"twitter:card\" content=\"summary_large_image\" \/>\n<meta name=\"twitter:label1\" content=\"Tiempo de lectura\" \/>\n\t<meta name=\"twitter:data1\" content=\"1 minuto\" \/>\n<script type=\"application\/ld+json\" class=\"yoast-schema-graph\">{\"@context\":\"https:\/\/schema.org\",\"@graph\":[{\"@type\":\"WebPage\",\"@id\":\"https:\/\/mesvacancesibiza.com\/es\/organizacion-de-eventos\/\",\"url\":\"https:\/\/mesvacancesibiza.com\/es\/organizacion-de-eventos\/\",\"name\":\"Organizaci\u00f3n de eventos en Ibiza - Mes Vacances Ibiza\",\"isPartOf\":{\"@id\":\"https:\/\/mesvacancesibiza.com\/#website\"},\"datePublished\":\"2020-09-13T17:23:35+00:00\",\"dateModified\":\"2020-09-14T14:12:15+00:00\",\"description\":\"Conf\u00eda en nosotros para la organizaci\u00f3n de eventos en Ibiza, ya sea una despedida de soltera, un cumplea\u00f1os, un evento profesional...\",\"breadcrumb\":{\"@id\":\"https:\/\/mesvacancesibiza.com\/es\/organizacion-de-eventos\/#breadcrumb\"},\"inLanguage\":\"es\",\"potentialAction\":[{\"@type\":\"ReadAction\",\"target\":[\"https:\/\/mesvacancesibiza.com\/es\/organizacion-de-eventos\/\"]}]},{\"@type\":\"BreadcrumbList\",\"@id\":\"https:\/\/mesvacancesibiza.com\/es\/organizacion-de-eventos\/#breadcrumb\",\"itemListElement\":[{\"@type\":\"ListItem\",\"position\":1,\"name\":\"Accueil\",\"item\":\"https:\/\/mesvacancesibiza.com\/es\/\"},{\"@type\":\"ListItem\",\"position\":2,\"name\":\"Organizaci\u00f3n de eventos\"}]},{\"@type\":\"WebSite\",\"@id\":\"https:\/\/mesvacancesibiza.com\/#website\",\"url\":\"https:\/\/mesvacancesibiza.com\/\",\"name\":\"Mes Vacances Ibiza\",\"description\":\"Conciergerie fran\u00e7aise et location de villas\",\"publisher\":{\"@id\":\"https:\/\/mesvacancesibiza.com\/#organization\"},\"potentialAction\":[{\"@type\":\"SearchAction\",\"target\":{\"@type\":\"EntryPoint\",\"urlTemplate\":\"https:\/\/mesvacancesibiza.com\/?s={search_term_string}\"},\"query-input\":\"required name=search_term_string\"}],\"inLanguage\":\"es\"},{\"@type\":\"Organization\",\"@id\":\"https:\/\/mesvacancesibiza.com\/#organization\",\"name\":\"Mes Vacances Ibiza\",\"url\":\"https:\/\/mesvacancesibiza.com\/\",\"sameAs\":[\"https:\/\/www.instagram.com\/mesvacancesibiza\/\",\"https:\/\/www.facebook.com\/Paradise-Ibiza-Conciergerie-690358121416314\/\"],\"logo\":{\"@type\":\"ImageObject\",\"inLanguage\":\"es\",\"@id\":\"https:\/\/mesvacancesibiza.com\/#\/schema\/logo\/image\/\",\"url\":\"https:\/\/mesvacancesibiza.com\/wp-content\/uploads\/2019\/09\/mesvacancesibiza-logo-1.png\",\"contentUrl\":\"https:\/\/mesvacancesibiza.com\/wp-content\/uploads\/2019\/09\/mesvacancesibiza-logo-1.png\",\"width\":300,\"height\":169,\"caption\":\"Mes Vacances Ibiza\"},\"image\":{\"@id\":\"https:\/\/mesvacancesibiza.com\/#\/schema\/logo\/image\/\"}}]}<\/script>\n<!-- \/ Yoast SEO plugin. -->","yoast_head_json":{"title":"Organizaci\u00f3n de eventos en Ibiza - Mes Vacances Ibiza","description":"Conf\u00eda en nosotros para la organizaci\u00f3n de eventos en Ibiza, ya sea una despedida de soltera, un cumplea\u00f1os, un evento profesional...","robots":{"index":"index","follow":"follow","max-snippet":"max-snippet:-1","max-image-preview":"max-image-preview:large","max-video-preview":"max-video-preview:-1"},"canonical":"https:\/\/mesvacancesibiza.com\/es\/organizacion-de-eventos\/","og_locale":"es_ES","og_type":"article","og_title":"Organizaci\u00f3n de eventos en Ibiza - Mes Vacances Ibiza","og_description":"Conf\u00eda en nosotros para la organizaci\u00f3n de eventos en Ibiza, ya sea una despedida de soltera, un cumplea\u00f1os, un evento profesional...","og_url":"https:\/\/mesvacancesibiza.com\/es\/organizacion-de-eventos\/","og_site_name":"Mes Vacances Ibiza","article_publisher":"https:\/\/www.facebook.com\/Paradise-Ibiza-Conciergerie-690358121416314\/","article_modified_time":"2020-09-14T14:12:15+00:00","twitter_card":"summary_large_image","twitter_misc":{"Tiempo de lectura":"1 minuto"},"schema":{"@context":"https:\/\/schema.org","@graph":[{"@type":"WebPage","@id":"https:\/\/mesvacancesibiza.com\/es\/organizacion-de-eventos\/","url":"https:\/\/mesvacancesibiza.com\/es\/organizacion-de-eventos\/","name":"Organizaci\u00f3n de eventos en Ibiza - Mes Vacances Ibiza","isPartOf":{"@id":"https:\/\/mesvacancesibiza.com\/#website"},"datePublished":"2020-09-13T17:23:35+00:00","dateModified":"2020-09-14T14:12:15+00:00","description":"Conf\u00eda en nosotros para la organizaci\u00f3n de eventos en Ibiza, ya sea una despedida de soltera, un cumplea\u00f1os, un evento profesional...","breadcrumb":{"@id":"https:\/\/mesvacancesibiza.com\/es\/organizacion-de-eventos\/#breadcrumb"},"inLanguage":"es","potentialAction":[{"@type":"ReadAction","target":["https:\/\/mesvacancesibiza.com\/es\/organizacion-de-eventos\/"]}]},{"@type":"BreadcrumbList","@id":"https:\/\/mesvacancesibiza.com\/es\/organizacion-de-eventos\/#breadcrumb","itemListElement":[{"@type":"ListItem","position":1,"name":"Accueil","item":"https:\/\/mesvacancesibiza.com\/es\/"},{"@type":"ListItem","position":2,"name":"Organizaci\u00f3n de eventos"}]},{"@type":"WebSite","@id":"https:\/\/mesvacancesibiza.com\/#website","url":"https:\/\/mesvacancesibiza.com\/","name":"Mes Vacances Ibiza","description":"Conciergerie fran\u00e7aise et location de villas","publisher":{"@id":"https:\/\/mesvacancesibiza.com\/#organization"},"potentialAction":[{"@type":"SearchAction","target":{"@type":"EntryPoint","urlTemplate":"https:\/\/mesvacancesibiza.com\/?s={search_term_string}"},"query-input":"required name=search_term_string"}],"inLanguage":"es"},{"@type":"Organization","@id":"https:\/\/mesvacancesibiza.com\/#organization","name":"Mes Vacances Ibiza","url":"https:\/\/mesvacancesibiza.com\/","sameAs":["https:\/\/www.instagram.com\/mesvacancesibiza\/","https:\/\/www.facebook.com\/Paradise-Ibiza-Conciergerie-690358121416314\/"],"logo":{"@type":"ImageObject","inLanguage":"es","@id":"https:\/\/mesvacancesibiza.com\/#\/schema\/logo\/image\/","url":"https:\/\/mesvacancesibiza.com\/wp-content\/uploads\/2019\/09\/mesvacancesibiza-logo-1.png","contentUrl":"https:\/\/mesvacancesibiza.com\/wp-content\/uploads\/2019\/09\/mesvacancesibiza-logo-1.png","width":300,"height":169,"caption":"Mes Vacances Ibiza"},"image":{"@id":"https:\/\/mesvacancesibiza.com\/#\/schema\/logo\/image\/"}}]}},"_links":{"self":[{"href":"https:\/\/mesvacancesibiza.com\/es\/wp-json\/wp\/v2\/pages\/2433"}],"collection":[{"href":"https:\/\/mesvacancesibiza.com\/es\/wp-json\/wp\/v2\/pages"}],"about":[{"href":"https:\/\/mesvacancesibiza.com\/es\/wp-json\/wp\/v2\/types\/page"}],"author":[{"embeddable":true,"href":"https:\/\/mesvacancesibiza.com\/es\/wp-json\/wp\/v2\/users\/2"}],"replies":[{"embeddable":true,"href":"https:\/\/mesvacancesibiza.com\/es\/wp-json\/wp\/v2\/comments?post=2433"}],"version-history":[{"count":3,"href":"https:\/\/mesvacancesibiza.com\/es\/wp-json\/wp\/v2\/pages\/2433\/revisions"}],"predecessor-version":[{"id":2466,"href":"https:\/\/mesvacancesibiza.com\/es\/wp-json\/wp\/v2\/pages\/2433\/revisions\/2466"}],"wp:attachment":[{"href":"https:\/\/mesvacancesibiza.com\/es\/wp-json\/wp\/v2\/media?parent=2433"}],"curies":[{"name":"wp","href":"https:\/\/api.w.org\/{rel}","templated":true}]}}